{"id":11925,"date":"2024-01-06T16:04:32","date_gmt":"2024-01-06T16:04:32","guid":{"rendered":"https:\/\/www.jovem4.pt\/product\/memosleep\/"},"modified":"2024-01-07T17:57:27","modified_gmt":"2024-01-07T17:57:27","slug":"memosleep","status":"publish","type":"product","link":"https:\/\/www.jovem4.pt\/en\/product\/memosleep\/","title":{"rendered":"Memosleep"},"content":{"rendered":"<p>High cell density HR core mattress<br \/>\nopen. With a visco-elastic layer, increasing<br \/>\nyour comfort while you rest.<\/p>\n<p>Approximate height: 20cm<\/p>\n<p>Firm ****<br \/>\nComfort ***<\/p>\n<ul>\n<li>Core mattress<br \/>\nDouble Layer<br \/>\nElastic Visco<br \/>\nHi-tec system<\/li>\n<\/ul>\n","protected":false},"excerpt":{"rendered":"<p>High cell density HR core mattress open. With a visco-elastic layer, increasing your comfort while you rest. Approximate height: 20cm Firm **** Comfort *** Core mattress Double Layer Elastic Visco Hi-tec system<\/p>\n","protected":false},"featured_media":10830,"template":"","meta":[],"product_cat":[300,321,286],"product_tag":[],"class_list":{"0":"post-11925","1":"product","2":"type-product","3":"status-publish","4":"has-post-thumbnail","6":"product_cat-core-without-springs","7":"product_cat-elastic-visco","8":"product_cat-mattresses","10":"first","11":"instock","12":"featured","13":"taxable","14":"shipping-taxable","15":"purchasable","16":"product-type-variable","swatches":"rey-swatches","show_selected":"","stretch_labels":"rey-swatches--stretch-labels"},"acf":[],"yoast_head":"<!-- This site is optimized with the Yoast SEO Premium plugin v21.1 (Yoast SEO v21.7) - https:\/\/yoast.com\/wordpress\/plugins\/seo\/ -->\n<title>Descubra a Perfei\u00e7\u00e3o em Colch\u00f5es e Mobili\u00e1rio com a Jovem4<\/title>\n<meta name=\"description\" content=\"Especialistas em mobili\u00e1rio e decora\u00e7\u00e3o, a Jovem4 oferece solu\u00e7\u00f5es inovadoras para o seu lar. Desde colch\u00f5es de alta qualidade at\u00e9 pe\u00e7as decorativas \u00fanicas, temos tudo para elevar o n\u00edvel do seu espa\u00e7o.\" \/>\n<meta name=\"robots\" content=\"index, follow, max-snippet:-1, max-image-preview:large, max-video-preview:-1\" \/>\n<link rel=\"canonical\" href=\"https:\/\/www.jovem4.pt\/en\/product\/memosleep\/\" \/>\n<meta property=\"og:locale\" content=\"en_US\" \/>\n<meta property=\"og:type\" content=\"article\" \/>\n<meta property=\"og:title\" content=\"Descubra a Perfei\u00e7\u00e3o em Colch\u00f5es e Mobili\u00e1rio com a Jovem4\" \/>\n<meta property=\"og:description\" content=\"Especialistas em mobili\u00e1rio e decora\u00e7\u00e3o, a Jovem4 oferece solu\u00e7\u00f5es inovadoras para o seu lar. Desde colch\u00f5es de alta qualidade at\u00e9 pe\u00e7as decorativas \u00fanicas, temos tudo para elevar o n\u00edvel do seu espa\u00e7o.\" \/>\n<meta property=\"og:url\" content=\"https:\/\/www.jovem4.pt\/en\/product\/memosleep\/\" \/>\n<meta property=\"og:site_name\" content=\"Jovem4\" \/>\n<meta property=\"article:publisher\" content=\"https:\/\/pt-pt.facebook.com\/jovem4mobiliario\/\" \/>\n<meta property=\"article:modified_time\" content=\"2024-01-07T17:57:27+00:00\" \/>\n<meta property=\"og:image\" content=\"https:\/\/www.jovem4.pt\/wp-content\/uploads\/2024\/01\/MEMOSLEEP.jpg\" \/>\n\t<meta property=\"og:image:width\" content=\"886\" \/>\n\t<meta property=\"og:image:height\" content=\"1000\" \/>\n\t<meta property=\"og:image:type\" content=\"image\/jpeg\" \/>\n<meta name=\"twitter:card\" content=\"summary_large_image\" \/>\n<script type=\"application\/ld+json\" class=\"yoast-schema-graph\">{\"@context\":\"https:\/\/schema.org\",\"@graph\":[{\"@type\":\"WebPage\",\"@id\":\"https:\/\/www.jovem4.pt\/en\/product\/memosleep\/\",\"url\":\"https:\/\/www.jovem4.pt\/en\/product\/memosleep\/\",\"name\":\"Descubra a Perfei\u00e7\u00e3o em Colch\u00f5es e Mobili\u00e1rio com a Jovem4\",\"isPartOf\":{\"@id\":\"https:\/\/www.jovem4.pt\/en\/#website\"},\"datePublished\":\"2024-01-06T16:04:32+00:00\",\"dateModified\":\"2024-01-07T17:57:27+00:00\",\"description\":\"Especialistas em mobili\u00e1rio e decora\u00e7\u00e3o, a Jovem4 oferece solu\u00e7\u00f5es inovadoras para o seu lar. Desde colch\u00f5es de alta qualidade at\u00e9 pe\u00e7as decorativas \u00fanicas, temos tudo para elevar o n\u00edvel do seu espa\u00e7o.\",\"breadcrumb\":{\"@id\":\"https:\/\/www.jovem4.pt\/en\/product\/memosleep\/#breadcrumb\"},\"inLanguage\":\"en-US\",\"potentialAction\":[{\"@type\":\"ReadAction\",\"target\":[\"https:\/\/www.jovem4.pt\/en\/product\/memosleep\/\"]}]},{\"@type\":\"BreadcrumbList\",\"@id\":\"https:\/\/www.jovem4.pt\/en\/product\/memosleep\/#breadcrumb\",\"itemListElement\":[{\"@type\":\"ListItem\",\"position\":1,\"name\":\"In\u00edcio\",\"item\":\"https:\/\/www.jovem4.pt\/en\/young-4-login\/\"},{\"@type\":\"ListItem\",\"position\":2,\"name\":\"Online Shop\",\"item\":\"https:\/\/www.jovem4.pt\/en\/online-shop\/\"},{\"@type\":\"ListItem\",\"position\":3,\"name\":\"Memosleep\"}]},{\"@type\":\"WebSite\",\"@id\":\"https:\/\/www.jovem4.pt\/en\/#website\",\"url\":\"https:\/\/www.jovem4.pt\/en\/\",\"name\":\"Jovem4: Inova\u00e7\u00e3o e Estilo em Mobili\u00e1rio e Decora\u00e7\u00e3o\",\"description\":\"Na Jovem4, conjugamos conforto e estilo para lhe trazer o melhor em mobili\u00e1rio, decora\u00e7\u00e3o e colch\u00f5es. A nossa gama diversificada satisfaz todas as suas necessidades, assegurando uma casa moderna e acolhedora.\",\"publisher\":{\"@id\":\"https:\/\/www.jovem4.pt\/en\/#organization\"},\"alternateName\":\"Transforme o Seu Espa\u00e7o com a Jovem4 \u2013 Especialistas em Decora\u00e7\u00e3o\",\"potentialAction\":[{\"@type\":\"SearchAction\",\"target\":{\"@type\":\"EntryPoint\",\"urlTemplate\":\"https:\/\/www.jovem4.pt\/en\/?s={search_term_string}\"},\"query-input\":\"required name=search_term_string\"}],\"inLanguage\":\"en-US\"},{\"@type\":\"Organization\",\"@id\":\"https:\/\/www.jovem4.pt\/en\/#organization\",\"name\":\"Jovem4: Inova\u00e7\u00e3o e Estilo em Mobili\u00e1rio e Decora\u00e7\u00e3o\",\"alternateName\":\"Transforme o Seu Espa\u00e7o com a Jovem4 \u2013 Especialistas em Decora\u00e7\u00e3o\",\"url\":\"https:\/\/www.jovem4.pt\/en\/\",\"logo\":{\"@type\":\"ImageObject\",\"inLanguage\":\"en-US\",\"@id\":\"https:\/\/www.jovem4.pt\/en\/#\/schema\/logo\/image\/\",\"url\":\"https:\/\/www.jovem4.pt\/wp-content\/uploads\/2022\/09\/cropped-logo-4508x4508-Black-1.png\",\"contentUrl\":\"https:\/\/www.jovem4.pt\/wp-content\/uploads\/2022\/09\/cropped-logo-4508x4508-Black-1.png\",\"width\":4508,\"height\":4508,\"caption\":\"Jovem4: Inova\u00e7\u00e3o e Estilo em Mobili\u00e1rio e Decora\u00e7\u00e3o\"},\"image\":{\"@id\":\"https:\/\/www.jovem4.pt\/en\/#\/schema\/logo\/image\/\"},\"sameAs\":[\"https:\/\/pt-pt.facebook.com\/jovem4mobiliario\/\"],\"diversityPolicy\":\"https:\/\/www.jovem4.pt\/politicas-de-pivacidade\/\"}]}<\/script>\n<!-- \/ Yoast SEO Premium plugin. -->","yoast_head_json":{"title":"Descubra a Perfei\u00e7\u00e3o em Colch\u00f5es e Mobili\u00e1rio com a Jovem4","description":"Especialistas em mobili\u00e1rio e decora\u00e7\u00e3o, a Jovem4 oferece solu\u00e7\u00f5es inovadoras para o seu lar. Desde colch\u00f5es de alta qualidade at\u00e9 pe\u00e7as decorativas \u00fanicas, temos tudo para elevar o n\u00edvel do seu espa\u00e7o.","robots":{"index":"index","follow":"follow","max-snippet":"max-snippet:-1","max-image-preview":"max-image-preview:large","max-video-preview":"max-video-preview:-1"},"canonical":"https:\/\/www.jovem4.pt\/en\/product\/memosleep\/","og_locale":"en_US","og_type":"article","og_title":"Descubra a Perfei\u00e7\u00e3o em Colch\u00f5es e Mobili\u00e1rio com a Jovem4","og_description":"Especialistas em mobili\u00e1rio e decora\u00e7\u00e3o, a Jovem4 oferece solu\u00e7\u00f5es inovadoras para o seu lar. Desde colch\u00f5es de alta qualidade at\u00e9 pe\u00e7as decorativas \u00fanicas, temos tudo para elevar o n\u00edvel do seu espa\u00e7o.","og_url":"https:\/\/www.jovem4.pt\/en\/product\/memosleep\/","og_site_name":"Jovem4","article_publisher":"https:\/\/pt-pt.facebook.com\/jovem4mobiliario\/","article_modified_time":"2024-01-07T17:57:27+00:00","og_image":[{"width":886,"height":1000,"url":"https:\/\/www.jovem4.pt\/wp-content\/uploads\/2024\/01\/MEMOSLEEP.jpg","type":"image\/jpeg"}],"twitter_card":"summary_large_image","schema":{"@context":"https:\/\/schema.org","@graph":[{"@type":"WebPage","@id":"https:\/\/www.jovem4.pt\/en\/product\/memosleep\/","url":"https:\/\/www.jovem4.pt\/en\/product\/memosleep\/","name":"Descubra a Perfei\u00e7\u00e3o em Colch\u00f5es e Mobili\u00e1rio com a Jovem4","isPartOf":{"@id":"https:\/\/www.jovem4.pt\/en\/#website"},"datePublished":"2024-01-06T16:04:32+00:00","dateModified":"2024-01-07T17:57:27+00:00","description":"Especialistas em mobili\u00e1rio e decora\u00e7\u00e3o, a Jovem4 oferece solu\u00e7\u00f5es inovadoras para o seu lar. Desde colch\u00f5es de alta qualidade at\u00e9 pe\u00e7as decorativas \u00fanicas, temos tudo para elevar o n\u00edvel do seu espa\u00e7o.","breadcrumb":{"@id":"https:\/\/www.jovem4.pt\/en\/product\/memosleep\/#breadcrumb"},"inLanguage":"en-US","potentialAction":[{"@type":"ReadAction","target":["https:\/\/www.jovem4.pt\/en\/product\/memosleep\/"]}]},{"@type":"BreadcrumbList","@id":"https:\/\/www.jovem4.pt\/en\/product\/memosleep\/#breadcrumb","itemListElement":[{"@type":"ListItem","position":1,"name":"In\u00edcio","item":"https:\/\/www.jovem4.pt\/en\/young-4-login\/"},{"@type":"ListItem","position":2,"name":"Online Shop","item":"https:\/\/www.jovem4.pt\/en\/online-shop\/"},{"@type":"ListItem","position":3,"name":"Memosleep"}]},{"@type":"WebSite","@id":"https:\/\/www.jovem4.pt\/en\/#website","url":"https:\/\/www.jovem4.pt\/en\/","name":"Jovem4: Inova\u00e7\u00e3o e Estilo em Mobili\u00e1rio e Decora\u00e7\u00e3o","description":"Na Jovem4, conjugamos conforto e estilo para lhe trazer o melhor em mobili\u00e1rio, decora\u00e7\u00e3o e colch\u00f5es. A nossa gama diversificada satisfaz todas as suas necessidades, assegurando uma casa moderna e acolhedora.","publisher":{"@id":"https:\/\/www.jovem4.pt\/en\/#organization"},"alternateName":"Transforme o Seu Espa\u00e7o com a Jovem4 \u2013 Especialistas em Decora\u00e7\u00e3o","potentialAction":[{"@type":"SearchAction","target":{"@type":"EntryPoint","urlTemplate":"https:\/\/www.jovem4.pt\/en\/?s={search_term_string}"},"query-input":"required name=search_term_string"}],"inLanguage":"en-US"},{"@type":"Organization","@id":"https:\/\/www.jovem4.pt\/en\/#organization","name":"Jovem4: Inova\u00e7\u00e3o e Estilo em Mobili\u00e1rio e Decora\u00e7\u00e3o","alternateName":"Transforme o Seu Espa\u00e7o com a Jovem4 \u2013 Especialistas em Decora\u00e7\u00e3o","url":"https:\/\/www.jovem4.pt\/en\/","logo":{"@type":"ImageObject","inLanguage":"en-US","@id":"https:\/\/www.jovem4.pt\/en\/#\/schema\/logo\/image\/","url":"https:\/\/www.jovem4.pt\/wp-content\/uploads\/2022\/09\/cropped-logo-4508x4508-Black-1.png","contentUrl":"https:\/\/www.jovem4.pt\/wp-content\/uploads\/2022\/09\/cropped-logo-4508x4508-Black-1.png","width":4508,"height":4508,"caption":"Jovem4: Inova\u00e7\u00e3o e Estilo em Mobili\u00e1rio e Decora\u00e7\u00e3o"},"image":{"@id":"https:\/\/www.jovem4.pt\/en\/#\/schema\/logo\/image\/"},"sameAs":["https:\/\/pt-pt.facebook.com\/jovem4mobiliario\/"],"diversityPolicy":"https:\/\/www.jovem4.pt\/politicas-de-pivacidade\/"}]}},"_links":{"self":[{"href":"https:\/\/www.jovem4.pt\/en\/wp-json\/wp\/v2\/product\/11925","targetHints":{"allow":["GET"]}}],"collection":[{"href":"https:\/\/www.jovem4.pt\/en\/wp-json\/wp\/v2\/product"}],"about":[{"href":"https:\/\/www.jovem4.pt\/en\/wp-json\/wp\/v2\/types\/product"}],"wp:featuredmedia":[{"embeddable":true,"href":"https:\/\/www.jovem4.pt\/en\/wp-json\/wp\/v2\/media\/10830"}],"wp:attachment":[{"href":"https:\/\/www.jovem4.pt\/en\/wp-json\/wp\/v2\/media?parent=11925"}],"wp:term":[{"taxonomy":"product_cat","embeddable":true,"href":"https:\/\/www.jovem4.pt\/en\/wp-json\/wp\/v2\/product_cat?post=11925"},{"taxonomy":"product_tag","embeddable":true,"href":"https:\/\/www.jovem4.pt\/en\/wp-json\/wp\/v2\/product_tag?post=11925"}],"curies":[{"name":"wp","href":"https:\/\/api.w.org\/{rel}","templated":true}]}}